{"id":586,"date":"2021-09-16T09:09:45","date_gmt":"2021-09-16T09:09:45","guid":{"rendered":"https:\/\/soledaddemo.pencidesign.net\/soledad-general-shop\/?page_id=586"},"modified":"2023-01-12T23:34:09","modified_gmt":"2023-01-13T05:34:09","slug":"product-compare","status":"publish","type":"page","link":"https:\/\/soluchef.net\/index.php\/product-compare\/","title":{"rendered":"Comparaci\u00f3n de equipos"},"content":{"rendered":"\n        <div class=\"penci-products-compare-table woocommerce\">\n\t\t\t                <div class=\"penci-empty-compare penci-empty-page penci-empty-page-text\">\n                    <h3 class=\"penci-compare-empty-title\">La lista de comparaci\u00f3n est\u00e1 vac\u00eda<\/h3>\n                    <p>No se han agregado equipos a la lista de comparaci\u00f3n. Debe agregar algunos items para poder comparar.<br> Puede encontrarlos en nuestra secci\u00f3n \"Equipos\".<\/p>\n                <\/div>\n                <p class=\"return-to-shop\">\n                    <a class=\"button\"\n                       href=\"https:\/\/soluchef.net\/index.php\/tienda\/\">\n\t\t\t\t\t\tRegresar a la Tienda                    <\/a>\n                <\/p>\n\t\t\t\t        <\/div>\n\n\t\t\n","protected":false},"excerpt":{"rendered":"","protected":false},"author":1,"featured_media":0,"parent":0,"menu_order":0,"comment_status":"closed","ping_status":"closed","template":"","meta":{"content-type":"","footnotes":""},"class_list":["post-586","page","type-page","status-publish","hentry"],"_links":{"self":[{"href":"https:\/\/soluchef.net\/index.php\/wp-json\/wp\/v2\/pages\/586","targetHints":{"allow":["GET"]}}],"collection":[{"href":"https:\/\/soluchef.net\/index.php\/wp-json\/wp\/v2\/pages"}],"about":[{"href":"https:\/\/soluchef.net\/index.php\/wp-json\/wp\/v2\/types\/page"}],"author":[{"embeddable":true,"href":"https:\/\/soluchef.net\/index.php\/wp-json\/wp\/v2\/users\/1"}],"replies":[{"embeddable":true,"href":"https:\/\/soluchef.net\/index.php\/wp-json\/wp\/v2\/comments?post=586"}],"version-history":[{"count":1,"href":"https:\/\/soluchef.net\/index.php\/wp-json\/wp\/v2\/pages\/586\/revisions"}],"predecessor-version":[{"id":2143,"href":"https:\/\/soluchef.net\/index.php\/wp-json\/wp\/v2\/pages\/586\/revisions\/2143"}],"wp:attachment":[{"href":"https:\/\/soluchef.net\/index.php\/wp-json\/wp\/v2\/media?parent=586"}],"curies":[{"name":"wp","href":"https:\/\/api.w.org\/{rel}","templated":true}]}}