{"id":49,"date":"2021-09-14T08:28:03","date_gmt":"2021-09-14T08:28:03","guid":{"rendered":"https:\/\/soledaddemo.pencidesign.net\/soledad-general-shop\/?page_id=49"},"modified":"2023-01-04T20:31:20","modified_gmt":"2023-01-05T02:31:20","slug":"acerca-de","status":"publish","type":"page","link":"https:\/\/soluchef.net\/index.php\/acerca-de\/","title":{"rendered":"Acerca de nosotros"},"content":{"rendered":"\t\t<div data-elementor-type=\"wp-page\" data-elementor-id=\"49\" class=\"elementor elementor-49\">\n\t\t\t\t\t\t<section class=\"has_ma_el_bg_slider penci-section penci-dmcheck penci-elbg-activate penci-disSticky penci-structure-10 elementor-section elementor-top-section elementor-element elementor-element-6dfe6f0 elementor-section-boxed elementor-section-height-default elementor-section-height-default jltma-glass-effect-no\" data-id=\"6dfe6f0\" data-element_type=\"section\" data-settings=\"{&quot;background_background&quot;:&quot;classic&quot;}\">\n\t\t\t\t\t\t<div class=\"elementor-container elementor-column-gap-no\">\n\t\t\t\t\t<div class=\"has_ma_el_bg_slider penci-ercol-100 penci-ercol-order-1 penci-sticky-ct    elementor-column elementor-col-100 elementor-top-column elementor-element elementor-element-ce5e14d jltma-glass-effect-no\" data-id=\"ce5e14d\" data-element_type=\"column\">\n\t\t\t<div class=\"elementor-widget-wrap elementor-element-populated\">\n\t\t\t\t\t\t<div class=\"elementor-element elementor-element-9d19087 jltma-glass-effect-no elementor-widget elementor-widget-penci-fancy_heading\" data-id=\"9d19087\" data-element_type=\"widget\" data-widget_type=\"penci-fancy_heading.default\">\n\t\t\t\t<div class=\"elementor-widget-container\">\n\t\t\t\t\t\t\t<div class=\"penci-fancy-heading penci-heading-text-center\">\r\n\t\t\t<div class=\"penci-fancy-heading-inner\">\r\n\t\t\t\t<h2 class=\"penci-heading-title\"><span class=\"inner-tit\">acerca de nosotros<\/span><\/h2><div class=\"penci-heading-content entry-content\"><p>Somos una empresa 100% MEXICANA<br \/>\ncon m\u00e1s de 12 a\u00f1os en el mercado.<\/p>\n<\/div>\t\t\t<\/div>\r\n\t\t<\/div>\r\n\t\t\t\t\t\t<\/div>\n\t\t\t\t<\/div>\n\t\t\t\t\t<\/div>\n\t\t<\/div>\n\t\t\t\t\t<\/div>\n\t\t<\/section>\n\t\t\t\t<section class=\"has_ma_el_bg_slider penci-section penci-disSticky penci-structure-20 elementor-section elementor-top-section elementor-element elementor-element-c7ace31 elementor-section-content-middle elementor-section-boxed elementor-section-height-default elementor-section-height-default jltma-glass-effect-no\" data-id=\"c7ace31\" data-element_type=\"section\">\n\t\t\t\t\t\t<div class=\"elementor-container elementor-column-gap-wider\">\n\t\t\t\t\t<div class=\"has_ma_el_bg_slider penci-ercol-50 penci-ercol-order-1 penci-sticky-ct    elementor-column elementor-col-50 elementor-top-column elementor-element elementor-element-eec8338 jltma-glass-effect-no\" data-id=\"eec8338\" data-element_type=\"column\">\n\t\t\t<div class=\"elementor-widget-wrap elementor-element-populated\">\n\t\t\t\t\t\t<div class=\"elementor-element elementor-element-073a635 jltma-glass-effect-no elementor-widget elementor-widget-image\" data-id=\"073a635\" data-element_type=\"widget\" data-widget_type=\"image.default\">\n\t\t\t\t<div class=\"elementor-widget-container\">\n\t\t\t\t\t\t\t\t\t\t\t\t\t\t\t<img fetchpriority=\"high\" decoding=\"async\" width=\"1024\" height=\"1024\" src=\"https:\/\/soluchef.net\/wp-content\/uploads\/2023\/01\/AcercaDe-Mockup-1-1024x1024.jpg\" class=\"attachment-large size-large wp-image-2066\" alt=\"\" srcset=\"https:\/\/soluchef.net\/wp-content\/uploads\/2023\/01\/AcercaDe-Mockup-1-1024x1024.jpg 1024w, https:\/\/soluchef.net\/wp-content\/uploads\/2023\/01\/AcercaDe-Mockup-1-300x300.jpg 300w, https:\/\/soluchef.net\/wp-content\/uploads\/2023\/01\/AcercaDe-Mockup-1-150x150.jpg 150w, https:\/\/soluchef.net\/wp-content\/uploads\/2023\/01\/AcercaDe-Mockup-1-768x768.jpg 768w, https:\/\/soluchef.net\/wp-content\/uploads\/2023\/01\/AcercaDe-Mockup-1-1170x1170.jpg 1170w, https:\/\/soluchef.net\/wp-content\/uploads\/2023\/01\/AcercaDe-Mockup-1-585x585.jpg 585w, https:\/\/soluchef.net\/wp-content\/uploads\/2023\/01\/AcercaDe-Mockup-1-600x600.jpg 600w, https:\/\/soluchef.net\/wp-content\/uploads\/2023\/01\/AcercaDe-Mockup-1-100x100.jpg 100w, https:\/\/soluchef.net\/wp-content\/uploads\/2023\/01\/AcercaDe-Mockup-1.jpg 1500w\" sizes=\"(max-width: 1024px) 100vw, 1024px\" \/>\t\t\t\t\t\t\t\t\t\t\t\t\t\t\t<\/div>\n\t\t\t\t<\/div>\n\t\t\t\t\t<\/div>\n\t\t<\/div>\n\t\t\t\t<div class=\"has_ma_el_bg_slider penci-ercol-50 penci-ercol-order-2 penci-sticky-ct    elementor-column elementor-col-50 elementor-top-column elementor-element elementor-element-d392c39 jltma-glass-effect-no\" data-id=\"d392c39\" data-element_type=\"column\">\n\t\t\t<div class=\"elementor-widget-wrap elementor-element-populated\">\n\t\t\t\t\t\t<div class=\"elementor-element elementor-element-e8e7d4c jltma-glass-effect-no elementor-widget elementor-widget-penci-fancy_heading\" data-id=\"e8e7d4c\" data-element_type=\"widget\" data-widget_type=\"penci-fancy_heading.default\">\n\t\t\t\t<div class=\"elementor-widget-container\">\n\t\t\t\t\t\t\t<div class=\"penci-fancy-heading penci-heading-text-left\">\r\n\t\t\t<div class=\"penci-fancy-heading-inner\">\r\n\t\t\t\t<h2 class=\"penci-heading-title\"><span class=\"inner-tit\">\u00bfQui\u00e9nes somos?<\/span><\/h2><div class=\"penci-separator penci-separator- penci-separator-left\"><span class=\"penci-sep_holder penci-sep_holder_l\"><span class=\"penci-sep_line\"><\/span><\/span><span class=\"penci-sep_holder penci-sep_holder_r\"><span class=\"penci-sep_line\"><\/span><\/span><\/div><div class=\"penci-heading-content entry-content\"><p>SOLUCHEF es una empresa 100% mexicana con m\u00e1s de 12 a\u00f1os en el mercado. En constante renovaci\u00f3n y crecimiento, nos hemos colocado como empresa l\u00edder en la venta de equipos para la industria gastron\u00f3mica con los precios m\u00e1s competitivos.<\/p>\n<p>La calidad, \u00fanica de nuestros productos, nos ha posicionado como la marca preferida entre los consumidores que buscan equipos para el Chef, en Restaurantes y dem\u00e1s negocios en el ramo de los alimentos.<\/p>\n<p>El objetivo principal de SOLUCHEF es la satisfacci\u00f3n de nuestros clientes, quienes encontrar\u00e1n en nuestros equipos, resistencia, durabilidad y calidad.<\/p>\n<\/div>\t\t\t<\/div>\r\n\t\t<\/div>\r\n\t\t\t\t\t\t<\/div>\n\t\t\t\t<\/div>\n\t\t\t\t<div class=\"elementor-element elementor-element-ecd2d1a jltma-glass-effect-no elementor-widget elementor-widget-penci-info-box\" data-id=\"ecd2d1a\" data-element_type=\"widget\" data-widget_type=\"penci-info-box.default\">\n\t\t\t\t<div class=\"elementor-widget-container\">\n\t\t\t\t\t        <div id=\"penci_info_box_70648\" class=\"penci-block-vc penci-info-box penci-ibox-float-left penci-view-stacked penci-shape-circle\">\r\n            <div class=\"penci-ibox-inner penci-animation-grow\">\r\n\t\t\t\t\t\t\t\t<div class=\"penci-ibox-icon penci-ibox-icon--icon penci-icon penci-tibox-icon\"><span class=\"penci-ibox-icon-fa\"><i class=\"penci-ibox-icon--i fa fa-shopping-basket\" aria-hidden=\"true\"><\/i><\/span><\/div>                <div class=\"penci-ibox-content-wrap\">\r\n\t\t\t\t\t\t\t\t\t\t<h3\r\n                            class=\"penci-ibox-title\">Establecidos desde 2010<\/h3>\t\t\t\t\t\t\t\t\t\t                        <div class=\"penci-ibox-content\"><p>Nuestros equipos se destacan por su calidad y durabilidad.<\/p>\n<\/div>\t\t\t\t\t                <\/div>\r\n            <\/div>\r\n        <\/div>\r\n\t\t\t\t\t\t<\/div>\n\t\t\t\t<\/div>\n\t\t\t\t<div class=\"elementor-element elementor-element-e933c4a jltma-glass-effect-no elementor-widget elementor-widget-penci-info-box\" data-id=\"e933c4a\" data-element_type=\"widget\" data-widget_type=\"penci-info-box.default\">\n\t\t\t\t<div class=\"elementor-widget-container\">\n\t\t\t\t\t        <div id=\"penci_info_box_97845\" class=\"penci-block-vc penci-info-box penci-ibox-float-left penci-view-stacked penci-shape-circle\">\r\n            <div class=\"penci-ibox-inner penci-animation-grow\">\r\n\t\t\t\t\t\t\t\t<div class=\"penci-ibox-icon penci-ibox-icon--icon penci-icon penci-tibox-icon\"><span class=\"penci-ibox-icon-fa\"><i class=\"penci-ibox-icon--i fa fa-trophy\" aria-hidden=\"true\"><\/i><\/span><\/div>                <div class=\"penci-ibox-content-wrap\">\r\n\t\t\t\t\t\t\t\t\t\t<h3\r\n                            class=\"penci-ibox-title\">Empresa l\u00edder<\/h3>\t\t\t\t\t\t\t\t\t\t                        <div class=\"penci-ibox-content\"><p>Con equipos que te ofrecen resistencia y utilidad.<\/p>\n<\/div>\t\t\t\t\t                <\/div>\r\n            <\/div>\r\n        <\/div>\r\n\t\t\t\t\t\t<\/div>\n\t\t\t\t<\/div>\n\t\t\t\t\t<\/div>\n\t\t<\/div>\n\t\t\t\t\t<\/div>\n\t\t<\/section>\n\t\t\t\t<section class=\"has_ma_el_bg_slider penci-section penci-disSticky penci-structure-10 elementor-section elementor-top-section elementor-element elementor-element-65ef5c4 elementor-section-content-middle elementor-section-boxed elementor-section-height-default elementor-section-height-default jltma-glass-effect-no\" data-id=\"65ef5c4\" data-element_type=\"section\">\n\t\t\t\t\t\t<div class=\"elementor-container elementor-column-gap-no\">\n\t\t\t\t\t<div class=\"has_ma_el_bg_slider penci-ercol-100 penci-ercol-order-1 penci-sticky-ct    elementor-column elementor-col-100 elementor-top-column elementor-element elementor-element-7c4ef39 jltma-glass-effect-no\" data-id=\"7c4ef39\" data-element_type=\"column\">\n\t\t\t<div class=\"elementor-widget-wrap elementor-element-populated\">\n\t\t\t\t\t\t<div class=\"elementor-element elementor-element-f1fcfbf jltma-glass-effect-no elementor-widget elementor-widget-penci-fancy_heading\" data-id=\"f1fcfbf\" data-element_type=\"widget\" data-widget_type=\"penci-fancy_heading.default\">\n\t\t\t\t<div class=\"elementor-widget-container\">\n\t\t\t\t\t\t\t<div class=\"penci-fancy-heading penci-heading-text-center\">\r\n\t\t\t<div class=\"penci-fancy-heading-inner\">\r\n\t\t\t\t<h2 class=\"penci-heading-title\"><span class=\"inner-tit\">Nuestros n\u00fameros<\/span><\/h2><div class=\"penci-heading-content entry-content\"><p>Algunos de los datos m\u00e1s importantes que nos destacan.<\/p>\n<\/div>\t\t\t<\/div>\r\n\t\t<\/div>\r\n\t\t\t\t\t\t<\/div>\n\t\t\t\t<\/div>\n\t\t\t\t<section class=\"has_ma_el_bg_slider penci-section penci-disSticky penci-structure-40 elementor-section elementor-inner-section elementor-element elementor-element-760864f elementor-section-content-middle elementor-section-boxed elementor-section-height-default elementor-section-height-default jltma-glass-effect-no\" data-id=\"760864f\" data-element_type=\"section\">\n\t\t\t\t\t\t<div class=\"elementor-container elementor-column-gap-extended\">\n\t\t\t\t\t<div class=\"has_ma_el_bg_slider penci-ercol-25 penci-ercol-order-1 penci-sticky-sb penci-sidebarSC   elementor-column elementor-col-25 elementor-inner-column elementor-element elementor-element-37b2c24 jltma-glass-effect-no\" data-id=\"37b2c24\" data-element_type=\"column\">\n\t\t\t<div class=\"elementor-widget-wrap elementor-element-populated\">\n\t\t\t\t\t\t<div class=\"elementor-element elementor-element-c1a5ac8 jltma-glass-effect-no elementor-widget elementor-widget-counter\" data-id=\"c1a5ac8\" data-element_type=\"widget\" data-widget_type=\"counter.default\">\n\t\t\t\t<div class=\"elementor-widget-container\">\n\t\t\t\t\t\t\t<div class=\"elementor-counter\">\n\t\t\t<div class=\"elementor-counter-title\">Empleados<\/div>\t\t\t<div class=\"elementor-counter-number-wrapper\">\n\t\t\t\t<span class=\"elementor-counter-number-prefix\"><\/span>\n\t\t\t\t<span class=\"elementor-counter-number\" data-duration=\"2000\" data-to-value=\"100\" data-from-value=\"0\" data-delimiter=\",\">0<\/span>\n\t\t\t\t<span class=\"elementor-counter-number-suffix\">+<\/span>\n\t\t\t<\/div>\n\t\t<\/div>\n\t\t\t\t\t\t<\/div>\n\t\t\t\t<\/div>\n\t\t\t\t\t<\/div>\n\t\t<\/div>\n\t\t\t\t<div class=\"has_ma_el_bg_slider penci-ercol-25 penci-ercol-order-2 penci-sticky-sb penci-sidebarSC   elementor-column elementor-col-25 elementor-inner-column elementor-element elementor-element-5eaeee3 jltma-glass-effect-no\" data-id=\"5eaeee3\" data-element_type=\"column\">\n\t\t\t<div class=\"elementor-widget-wrap elementor-element-populated\">\n\t\t\t\t\t\t<div class=\"elementor-element elementor-element-da283c6 jltma-glass-effect-no elementor-widget elementor-widget-counter\" data-id=\"da283c6\" data-element_type=\"widget\" data-widget_type=\"counter.default\">\n\t\t\t\t<div class=\"elementor-widget-container\">\n\t\t\t\t\t\t\t<div class=\"elementor-counter\">\n\t\t\t<div class=\"elementor-counter-title\">Equipos vendidos<\/div>\t\t\t<div class=\"elementor-counter-number-wrapper\">\n\t\t\t\t<span class=\"elementor-counter-number-prefix\"><\/span>\n\t\t\t\t<span class=\"elementor-counter-number\" data-duration=\"2000\" data-to-value=\"2456\" data-from-value=\"0\" data-delimiter=\",\">0<\/span>\n\t\t\t\t<span class=\"elementor-counter-number-suffix\">k+<\/span>\n\t\t\t<\/div>\n\t\t<\/div>\n\t\t\t\t\t\t<\/div>\n\t\t\t\t<\/div>\n\t\t\t\t\t<\/div>\n\t\t<\/div>\n\t\t\t\t<div class=\"has_ma_el_bg_slider penci-ercol-25 penci-ercol-order-3 penci-sticky-sb penci-sidebarSC   elementor-column elementor-col-25 elementor-inner-column elementor-element elementor-element-8ef893b jltma-glass-effect-no\" data-id=\"8ef893b\" data-element_type=\"column\">\n\t\t\t<div class=\"elementor-widget-wrap elementor-element-populated\">\n\t\t\t\t\t\t<div class=\"elementor-element elementor-element-30e51e8 jltma-glass-effect-no elementor-widget elementor-widget-counter\" data-id=\"30e51e8\" data-element_type=\"widget\" data-widget_type=\"counter.default\">\n\t\t\t\t<div class=\"elementor-widget-container\">\n\t\t\t\t\t\t\t<div class=\"elementor-counter\">\n\t\t\t<div class=\"elementor-counter-title\">Clientes<\/div>\t\t\t<div class=\"elementor-counter-number-wrapper\">\n\t\t\t\t<span class=\"elementor-counter-number-prefix\"><\/span>\n\t\t\t\t<span class=\"elementor-counter-number\" data-duration=\"2000\" data-to-value=\"37\" data-from-value=\"0\" data-delimiter=\",\">0<\/span>\n\t\t\t\t<span class=\"elementor-counter-number-suffix\">k+<\/span>\n\t\t\t<\/div>\n\t\t<\/div>\n\t\t\t\t\t\t<\/div>\n\t\t\t\t<\/div>\n\t\t\t\t\t<\/div>\n\t\t<\/div>\n\t\t\t\t<div class=\"has_ma_el_bg_slider penci-ercol-25 penci-ercol-order-4 penci-sticky-sb penci-sidebarSC   elementor-column elementor-col-25 elementor-inner-column elementor-element elementor-element-09bddcc jltma-glass-effect-no\" data-id=\"09bddcc\" data-element_type=\"column\">\n\t\t\t<div class=\"elementor-widget-wrap elementor-element-populated\">\n\t\t\t\t\t\t<div class=\"elementor-element elementor-element-ff3c9e8 jltma-glass-effect-no elementor-widget elementor-widget-counter\" data-id=\"ff3c9e8\" data-element_type=\"widget\" data-widget_type=\"counter.default\">\n\t\t\t\t<div class=\"elementor-widget-container\">\n\t\t\t\t\t\t\t<div class=\"elementor-counter\">\n\t\t\t<div class=\"elementor-counter-title\">Reconocimientos<\/div>\t\t\t<div class=\"elementor-counter-number-wrapper\">\n\t\t\t\t<span class=\"elementor-counter-number-prefix\"><\/span>\n\t\t\t\t<span class=\"elementor-counter-number\" data-duration=\"2000\" data-to-value=\"50\" data-from-value=\"0\" data-delimiter=\",\">0<\/span>\n\t\t\t\t<span class=\"elementor-counter-number-suffix\">+<\/span>\n\t\t\t<\/div>\n\t\t<\/div>\n\t\t\t\t\t\t<\/div>\n\t\t\t\t<\/div>\n\t\t\t\t\t<\/div>\n\t\t<\/div>\n\t\t\t\t\t<\/div>\n\t\t<\/section>\n\t\t\t\t\t<\/div>\n\t\t<\/div>\n\t\t\t\t\t<\/div>\n\t\t<\/section>\n\t\t\t\t<section class=\"has_ma_el_bg_slider penci-section penci-dmcheck penci-elbg-activate penci-disSticky penci-structure-30 elementor-section elementor-top-section elementor-element elementor-element-9f47cb1 elementor-section-full_width elementor-section-content-middle elementor-section-height-default elementor-section-height-default jltma-glass-effect-no\" data-id=\"9f47cb1\" data-element_type=\"section\" data-settings=\"{&quot;background_background&quot;:&quot;classic&quot;}\">\n\t\t\t\t\t\t<div class=\"elementor-container elementor-column-gap-no\">\n\t\t\t\t\t<div class=\"has_ma_el_bg_slider penci-ercol-33 penci-ercol-order-1 penci-sticky-sb penci-sidebarSC   elementor-column elementor-col-33 elementor-top-column elementor-element elementor-element-8662bd0 jltma-glass-effect-no\" data-id=\"8662bd0\" data-element_type=\"column\">\n\t\t\t<div class=\"elementor-widget-wrap elementor-element-populated\">\n\t\t\t\t\t\t<div class=\"elementor-element elementor-element-790107e jltma-glass-effect-no elementor-widget elementor-widget-image\" data-id=\"790107e\" data-element_type=\"widget\" data-widget_type=\"image.default\">\n\t\t\t\t<div class=\"elementor-widget-container\">\n\t\t\t\t\t\t\t\t\t\t\t\t\t\t\t<img decoding=\"async\" width=\"1024\" height=\"683\" src=\"https:\/\/soluchef.net\/wp-content\/uploads\/2023\/01\/AcercaDe-Mockup-2-1024x683.jpg\" class=\"attachment-large size-large wp-image-2067\" alt=\"\" srcset=\"https:\/\/soluchef.net\/wp-content\/uploads\/2023\/01\/AcercaDe-Mockup-2-1024x683.jpg 1024w, https:\/\/soluchef.net\/wp-content\/uploads\/2023\/01\/AcercaDe-Mockup-2-300x200.jpg 300w, https:\/\/soluchef.net\/wp-content\/uploads\/2023\/01\/AcercaDe-Mockup-2-768x512.jpg 768w, https:\/\/soluchef.net\/wp-content\/uploads\/2023\/01\/AcercaDe-Mockup-2-1170x780.jpg 1170w, https:\/\/soluchef.net\/wp-content\/uploads\/2023\/01\/AcercaDe-Mockup-2-585x390.jpg 585w, https:\/\/soluchef.net\/wp-content\/uploads\/2023\/01\/AcercaDe-Mockup-2-263x175.jpg 263w, https:\/\/soluchef.net\/wp-content\/uploads\/2023\/01\/AcercaDe-Mockup-2-600x400.jpg 600w, https:\/\/soluchef.net\/wp-content\/uploads\/2023\/01\/AcercaDe-Mockup-2.jpg 1500w\" sizes=\"(max-width: 1024px) 100vw, 1024px\" \/>\t\t\t\t\t\t\t\t\t\t\t\t\t\t\t<\/div>\n\t\t\t\t<\/div>\n\t\t\t\t\t<\/div>\n\t\t<\/div>\n\t\t\t\t<div class=\"has_ma_el_bg_slider penci-ercol-33 penci-ercol-order-2 penci-sticky-sb penci-sidebarSC   elementor-column elementor-col-33 elementor-top-column elementor-element elementor-element-3ca3345 jltma-glass-effect-no\" data-id=\"3ca3345\" data-element_type=\"column\">\n\t\t\t<div class=\"elementor-widget-wrap elementor-element-populated\">\n\t\t\t\t\t\t<div class=\"elementor-element elementor-element-ac1bf98 elementor-view-default jltma-glass-effect-no elementor-widget elementor-widget-icon\" data-id=\"ac1bf98\" data-element_type=\"widget\" data-widget_type=\"icon.default\">\n\t\t\t\t<div class=\"elementor-widget-container\">\n\t\t\t\t\t\t\t<div class=\"elementor-icon-wrapper\">\n\t\t\t<div class=\"elementor-icon\">\n\t\t\t<i aria-hidden=\"true\" class=\"fas fa-bolt\"><\/i>\t\t\t<\/div>\n\t\t<\/div>\n\t\t\t\t\t\t<\/div>\n\t\t\t\t<\/div>\n\t\t\t\t<div class=\"elementor-element elementor-element-66b20d1 jltma-glass-effect-no elementor-widget elementor-widget-penci-fancy_heading\" data-id=\"66b20d1\" data-element_type=\"widget\" data-widget_type=\"penci-fancy_heading.default\">\n\t\t\t\t<div class=\"elementor-widget-container\">\n\t\t\t\t\t\t\t<div class=\"penci-fancy-heading penci-heading-text-center\">\r\n\t\t\t<div class=\"penci-fancy-heading-inner\">\r\n\t\t\t\t<h2 class=\"penci-heading-title\"><span class=\"inner-tit\">Cumple tu sue\u00f1o<\/span><\/h2><div class=\"penci-heading-content entry-content\"><p>Te ayudamos a iniciar o crecer tu negocio. Ya sea una cocina econ\u00f3mica, panader\u00eda, cafeter\u00eda o restaurante, tenemos los equipos ideales para que lo comiences con \u00e9xito. <\/p>\n<\/div>\t\t\t<\/div>\r\n\t\t<\/div>\r\n\t\t\t\t\t\t<\/div>\n\t\t\t\t<\/div>\n\t\t\t\t<div class=\"elementor-element elementor-element-15557ba jltma-glass-effect-no elementor-widget elementor-widget-penci-button\" data-id=\"15557ba\" data-element_type=\"widget\" data-settings=\"{&quot;_animation&quot;:&quot;none&quot;}\" data-widget_type=\"penci-button.default\">\n\t\t\t\t<div class=\"elementor-widget-container\">\n\t\t\t\t\t\t\t<div class=\"pcbtn-wrapper pcbtn-align-center\">\r\n\t\t\t<a class=\"pcbtn pcbtn-icon-left pcbtn-bordered pcbtn-bstyle-solid\" \r\n\t\t\t\t\t\t\t\t\t\t\t\thref=\"https:\/\/fb.me\/soluchefmexico\/\">\r\n\t\t\t\t<span class=\"pcbtn-wrapperin\">\r\n\t\t\t\t\t<span class=\"pcbtn-content\">\r\n\t\t\t\t\t<i class=\"fas fa-users\"><\/i>\t\t\t\t\t\u00fanete a nuestra comunidad\t\t\t<\/span>\r\n\t\t\t\t\t\t\t\t\t<\/span>\r\n\t\t\t<\/a>\r\n\t\t<\/div>\r\n\t\t\t\t\t\t<\/div>\n\t\t\t\t<\/div>\n\t\t\t\t\t<\/div>\n\t\t<\/div>\n\t\t\t\t<div class=\"has_ma_el_bg_slider penci-ercol-33 penci-ercol-order-3 penci-sticky-sb penci-sidebarSC   elementor-column elementor-col-33 elementor-top-column elementor-element elementor-element-160df9a jltma-glass-effect-no\" data-id=\"160df9a\" data-element_type=\"column\">\n\t\t\t<div class=\"elementor-widget-wrap elementor-element-populated\">\n\t\t\t\t\t\t<div class=\"elementor-element elementor-element-8c93ef6 jltma-glass-effect-no elementor-widget elementor-widget-image\" data-id=\"8c93ef6\" data-element_type=\"widget\" data-widget_type=\"image.default\">\n\t\t\t\t<div class=\"elementor-widget-container\">\n\t\t\t\t\t\t\t\t\t\t\t\t\t\t\t<img decoding=\"async\" width=\"1024\" height=\"683\" src=\"https:\/\/soluchef.net\/wp-content\/uploads\/2023\/01\/AcercaDe-Mockup-3-1024x683.jpg\" class=\"attachment-large size-large wp-image-2068\" alt=\"\" srcset=\"https:\/\/soluchef.net\/wp-content\/uploads\/2023\/01\/AcercaDe-Mockup-3-1024x683.jpg 1024w, https:\/\/soluchef.net\/wp-content\/uploads\/2023\/01\/AcercaDe-Mockup-3-300x200.jpg 300w, https:\/\/soluchef.net\/wp-content\/uploads\/2023\/01\/AcercaDe-Mockup-3-768x512.jpg 768w, https:\/\/soluchef.net\/wp-content\/uploads\/2023\/01\/AcercaDe-Mockup-3-1170x780.jpg 1170w, https:\/\/soluchef.net\/wp-content\/uploads\/2023\/01\/AcercaDe-Mockup-3-585x390.jpg 585w, https:\/\/soluchef.net\/wp-content\/uploads\/2023\/01\/AcercaDe-Mockup-3-263x175.jpg 263w, https:\/\/soluchef.net\/wp-content\/uploads\/2023\/01\/AcercaDe-Mockup-3-600x400.jpg 600w, https:\/\/soluchef.net\/wp-content\/uploads\/2023\/01\/AcercaDe-Mockup-3.jpg 1500w\" sizes=\"(max-width: 1024px) 100vw, 1024px\" \/>\t\t\t\t\t\t\t\t\t\t\t\t\t\t\t<\/div>\n\t\t\t\t<\/div>\n\t\t\t\t\t<\/div>\n\t\t<\/div>\n\t\t\t\t\t<\/div>\n\t\t<\/section>\n\t\t\t\t<\/div>\n\t\t","protected":false},"excerpt":{"rendered":"<p>acerca de nosotros Somos una empresa 100% MEXICANA con m\u00e1s de 12 a\u00f1os en el mercado. \u00bfQui\u00e9nes somos? SOLUCHEF es una empresa 100% mexicana con m\u00e1s de 12 a\u00f1os en&hellip;<\/p>\n","protected":false},"author":1,"featured_media":0,"parent":0,"menu_order":0,"comment_status":"closed","ping_status":"closed","template":"page-fullwidth.php","meta":{"content-type":"","footnotes":""},"class_list":["post-49","page","type-page","status-publish","hentry"],"_links":{"self":[{"href":"https:\/\/soluchef.net\/index.php\/wp-json\/wp\/v2\/pages\/49","targetHints":{"allow":["GET"]}}],"collection":[{"href":"https:\/\/soluchef.net\/index.php\/wp-json\/wp\/v2\/pages"}],"about":[{"href":"https:\/\/soluchef.net\/index.php\/wp-json\/wp\/v2\/types\/page"}],"author":[{"embeddable":true,"href":"https:\/\/soluchef.net\/index.php\/wp-json\/wp\/v2\/users\/1"}],"replies":[{"embeddable":true,"href":"https:\/\/soluchef.net\/index.php\/wp-json\/wp\/v2\/comments?post=49"}],"version-history":[{"count":8,"href":"https:\/\/soluchef.net\/index.php\/wp-json\/wp\/v2\/pages\/49\/revisions"}],"predecessor-version":[{"id":2071,"href":"https:\/\/soluchef.net\/index.php\/wp-json\/wp\/v2\/pages\/49\/revisions\/2071"}],"wp:attachment":[{"href":"https:\/\/soluchef.net\/index.php\/wp-json\/wp\/v2\/media?parent=49"}],"curies":[{"name":"wp","href":"https:\/\/api.w.org\/{rel}","templated":true}]}}